{"id":339,"date":"2018-01-22T15:11:07","date_gmt":"2018-01-22T19:11:07","guid":{"rendered":"http:\/\/alcaldiamiches.gob.do\/transparencia\/?page_id=339"},"modified":"2025-06-23T10:57:35","modified_gmt":"2025-06-23T14:57:35","slug":"como-ser-proveedor","status":"publish","type":"page","link":"https:\/\/ayuntamientomiches.gob.do\/transparencia\/como-ser-proveedor\/","title":{"rendered":"\u00bfC\u00f3mo ser proveedor?"},"content":{"rendered":"<div class=\"WaaZC\" style=\"color: #001d35;font-family: 'Google Sans', Arial, sans-serif\">\n<div class=\"rPeykc uP58nb\" style=\"margin: 20px 0px 10px;letter-spacing: 0px;line-height: 26px\" data-hveid=\"CFQQAQ\" data-ved=\"2ahUKEwjM5rbx5YeOAxU1CnkGHcGwBMgQo_EKegQIVBAB\"><span data-huuid=\"16372519177679954295\">Pasos para registrarse como proveedor del Estado: <\/span><\/div>\n<div class=\"rPeykc uP58nb\" style=\"margin: 20px 0px 10px;letter-spacing: 0px;line-height: 26px\" data-hveid=\"CFQQAQ\" data-ved=\"2ahUKEwjM5rbx5YeOAxU1CnkGHcGwBMgQo_EKegQIVBAB\"><strong style=\"font-size: 16px\">1.\u00a0<\/strong><span style=\"font-size: 16px\" data-huuid=\"16372519177679957084\"><strong>Inscripci\u00f3n en el RPE:<\/strong><\/span><\/div>\n<\/div>\n<div class=\"WaaZC\" style=\"color: #001d35;font-family: 'Google Sans', Arial, sans-serif\">\n<ol style=\"margin-top: 10px;margin-right: 0px;margin-bottom: 20px;padding: 0px 0px 0px 24px;font-size: 16px;line-height: 22px\" data-hveid=\"CGkQAQ\" data-ved=\"2ahUKEwjM5rbx5YeOAxU1CnkGHcGwBMgQnPYKegQIaRAB\">\n<li style=\"list-style-type: none\">\n<ol style=\"margin-top: 10px;margin-right: 0px;margin-bottom: 20px;padding: 0px 0px 0px 24px;font-size: 16px;line-height: 22px\" data-hveid=\"CGkQAQ\" data-ved=\"2ahUKEwjM5rbx5YeOAxU1CnkGHcGwBMgQnPYKegQIaRAB\">\n<li class=\"K3KsMc\" style=\"margin: 0px 0px 8px;padding: 0px 0px 0px 4px;list-style-type: none\">\n<div class=\"zMgcWd dSKvsb\" style=\"padding-bottom: 0px;padding-top: 0px;border-bottom: none;margin-left: -28px\" data-il=\"\">\n<div data-crb-p=\"\">\n<div class=\"xFTqob\" style=\"flex: 1 1 0%;min-width: 0px\">\n<div class=\"vM0jzc\" style=\"color: #545d7e;letter-spacing: 0.1px;line-height: 22px\"><span data-huuid=\"16372519177679955283\">Se realiza a trav\u00e9s del SECP o de forma presencial en la DGCP.<span class=\"pjBG2e\" data-cid=\"189574ef-5cc5-4cef-85a3-bba68b786cb7\"><span class=\"UV3uM\"><\/p>\n<p><\/span><\/span><\/span><\/div>\n<div class=\"vM0jzc\" style=\"color: #545d7e;letter-spacing: 0.1px;line-height: 22px\"><strong style=\"color: #001d35\">2.\u00a0<\/strong><span style=\"color: #001d35\" data-huuid=\"16372519177679955777\"><strong>Completar formulario:<\/strong><\/span><\/div>\n<\/div>\n<\/div>\n<\/div>\n<\/li>\n<\/ol>\n<\/li>\n<\/ol>\n<div id=\"S2pZaIyVG7WU5OMPweGSwAw__138\" class=\"bsmXxe\">\n<ul>\n<li class=\"K3KsMc\" style=\"margin: 0px 0px 8px;padding: 0px 0px 0px 4px;list-style-type: none\">\n<div class=\"zMgcWd dSKvsb\" style=\"padding-bottom: 0px;padding-top: 0px;border-bottom: none;margin-left: -28px\" data-il=\"\">\n<div data-crb-p=\"\">\n<div class=\"xFTqob\" style=\"flex: 1 1 0%;min-width: 0px\">\n<div class=\"vM0jzc\" style=\"color: #545d7e;letter-spacing: 0.1px;line-height: 22px\"><span data-huuid=\"16372519177679953976\">Se debe completar el formulario de solicitud de manera presencial o en l\u00ednea, asegur\u00e1ndose de que todos los campos est\u00e9n debidamente diligenciados.<span class=\"pjBG2e\" data-cid=\"0a4c82b1-a313-4b70-9812-eddf400d8f43\"><span class=\"UV3uM\">\u00a0<\/span><\/span><\/span><\/div>\n<\/div>\n<\/div>\n<\/div>\n<\/li>\n<li class=\"K3KsMc\" style=\"margin: 0px 0px 8px;padding: 0px 0px 0px 4px;list-style-type: none\">\n<div class=\"zMgcWd dSKvsb\" style=\"padding-bottom: 0px;padding-top: 0px;border-bottom: none;margin-left: -28px\" data-il=\"\">\n<div data-crb-p=\"\">\n<div class=\"xFTqob\" style=\"flex: 1 1 0%;min-width: 0px\">\n<div class=\"Gur8Ad\" style=\"line-height: 22px;overflow: hidden;padding-bottom: 4px\"><strong>3.\u00a0<\/strong><span data-huuid=\"16372519177679954470\"><strong>Presentar documentos:<\/strong><\/span><\/div>\n<div class=\"vM0jzc\" style=\"color: #545d7e;letter-spacing: 0.1px;line-height: 22px\"><span data-huuid=\"16372519177679956765\">Se deben presentar los documentos que avalen la actividad comercial o el objeto social del proveedor.<span class=\"pjBG2e\" data-cid=\"d9b6a234-0298-4bd1-ae06-d8080a81f518\"><span class=\"UV3uM\">\u00a0<\/span><\/span><\/span><\/div>\n<\/div>\n<\/div>\n<\/div>\n<\/li>\n<li class=\"K3KsMc\" style=\"margin: 0px 0px 8px;padding: 0px 0px 0px 4px;list-style-type: none\">\n<div class=\"zMgcWd dSKvsb\" style=\"padding-bottom: 0px;padding-top: 0px;border-bottom: none;margin-left: -28px\" data-il=\"\">\n<div data-crb-p=\"\">\n<div class=\"xFTqob\" style=\"flex: 1 1 0%;min-width: 0px\">\n<div class=\"Gur8Ad\" style=\"line-height: 22px;overflow: hidden;padding-bottom: 4px\"><strong>4.\u00a0<\/strong><span data-huuid=\"16372519177679957259\"><strong>Estar al d\u00eda con las obligaciones fiscales:<\/strong><\/span><\/div>\n<div class=\"vM0jzc\" style=\"color: #545d7e;letter-spacing: 0.1px;line-height: 22px\"><span data-huuid=\"16372519177679955458\">Se debe estar al d\u00eda con los pagos de las obligaciones fiscales en la DGII y la TSS (en caso de tener empleados).<span class=\"pjBG2e\" data-cid=\"bcf3e149-46d6-4446-baf5-18b9c16969a7\"><span class=\"UV3uM\">\u00a0<\/span><\/span><\/span><\/div>\n<\/div>\n<\/div>\n<\/div>\n<\/li>\n<li class=\"K3KsMc\" style=\"margin: 0px;padding: 0px 0px 0px 4px;list-style-type: none\">\n<div class=\"zMgcWd dSKvsb\" style=\"padding-bottom: 0px;padding-top: 0px;border-bottom: none;margin-left: -28px\" data-il=\"\">\n<div data-crb-p=\"\">\n<div class=\"xFTqob\" style=\"flex: 1 1 0%;min-width: 0px\">\n<div class=\"Gur8Ad\" style=\"line-height: 22px;overflow: hidden;padding-bottom: 4px\"><strong>5.\u00a0<\/strong><span data-huuid=\"16372519177679955952\"><strong>Participar en procesos de contrataci\u00f3n:<\/strong><\/span><\/div>\n<div class=\"vM0jzc\" style=\"color: #545d7e;letter-spacing: 0.1px;line-height: 22px\"><span data-huuid=\"16372519177679954151\">Una vez inscrito, se puede participar en los procesos de compras y contrataciones que se publican a trav\u00e9s del portal de compras dominicanas y la DGCP. <\/span><\/div>\n<div><\/div>\n<div class=\"vM0jzc\" style=\"color: #545d7e;letter-spacing: 0.1px;line-height: 22px\"><span style=\"letter-spacing: 0px;color: #001d35;font-size: 18px\">Documentos requeridos:<\/span><\/div>\n<\/div>\n<\/div>\n<\/div>\n<\/li>\n<\/ul>\n<\/div>\n<\/div>\n<div class=\"WaaZC\" style=\"color: #001d35;font-family: 'Google Sans', Arial, sans-serif\">\n<div id=\"S2pZaIyVG7WU5OMPweGSwAw__94\" class=\"bsmXxe\">\n<div id=\"S2pZaIyVG7WU5OMPweGSwAw__112\" class=\"bsmXxe\">\n<ul>\n<li style=\"margin: 0px 0px 8px;padding: 0px 0px 0px 4px\"><span data-huuid=\"16372519177679957434\">Formulario de solicitud (disponible en el SECP o en la DGCP).<span class=\"pjBG2e\" data-cid=\"138932d5-df03-4702-bf09-50efeb7d1299\"><span class=\"UV3uM\">\u00a0<\/span><\/span><\/span><\/li>\n<li style=\"margin: 0px 0px 8px;padding: 0px 0px 0px 4px\"><span data-huuid=\"16372519177679957928\">Documentos que avalen la actividad comercial o el objeto social.<span class=\"pjBG2e\" data-cid=\"38ea2c79-fad5-4742-99f2-9e1568608fe4\"><span class=\"UV3uM\">\u00a0<\/span><\/span><\/span><\/li>\n<li style=\"margin: 0px 0px 8px;padding: 0px 0px 0px 4px\"><span data-huuid=\"16372519177679954326\">Certificaci\u00f3n bancaria (para el registro de la cuenta bancaria para recibir pagos).<span class=\"pjBG2e\" data-cid=\"4a13676a-7935-4a58-a5d1-dc23bad511d6\"><span class=\"UV3uM\">\u00a0<\/span><\/span><\/span><\/li>\n<li style=\"margin: 0px 0px 8px;padding: 0px 0px 0px 4px\"><span data-huuid=\"16372519177679954820\">En caso de ser persona jur\u00eddica, se requiere copia de la escritura de constituci\u00f3n y registro mercantil.<span class=\"pjBG2e\" data-cid=\"08fba552-ee36-4ee4-b2a4-78053814b46b\"><span class=\"UV3uM\">\u00a0<\/span><\/span><\/span><\/li>\n<li style=\"margin: 0px 0px 8px;padding: 0px 0px 0px 4px\"><span data-huuid=\"16372519177679955314\">En caso de ser cooperativa, se requiere copia registrada del Decreto de Incorporaci\u00f3n y certificaci\u00f3n de IDECOOP.<span class=\"pjBG2e\" data-cid=\"d04dc625-9552-4050-b66e-aae6aad33073\"><span class=\"UV3uM\">\u00a0<\/span><\/span><\/span><\/li>\n<li style=\"margin: 0px;padding: 0px 0px 0px 4px\"><span data-huuid=\"16372519177679955808\">En caso de ser proveedor del exterior, se requiere documentaci\u00f3n espec\u00edfica.<span class=\"pjBG2e\" data-cid=\"09ab4b01-8186-4699-a700-ecb0c3ac2e38\"><span class=\"UV3uM\">\u00a0<\/span><\/span><\/span><\/li>\n<\/ul>\n<\/div>\n<\/div>\n<\/div>\n","protected":false},"excerpt":{"rendered":"Pasos para registrarse como proveedor del Estado: 1.\u00a0Inscripci\u00f3n en el RPE: Se realiza a trav\u00e9s del SECP o de forma presencial en la DGCP. 2.\u00a0Completar formulario: Se debe completar el formulario de solicitud de manera presencial o en l\u00ednea, asegur\u00e1ndose de que todos los campos est\u00e9n debidamente diligenciados.\u00a0 3.\u00a0Presentar documentos: Se deben presentar los documentos&#8230;","protected":false},"author":3,"featured_media":0,"parent":0,"menu_order":0,"comment_status":"closed","ping_status":"closed","template":"","meta":[],"acf":[],"_links":{"self":[{"href":"https:\/\/ayuntamientomiches.gob.do\/transparencia\/wp-json\/wp\/v2\/pages\/339"}],"collection":[{"href":"https:\/\/ayuntamientomiches.gob.do\/transparencia\/wp-json\/wp\/v2\/pages"}],"about":[{"href":"https:\/\/ayuntamientomiches.gob.do\/transparencia\/wp-json\/wp\/v2\/types\/page"}],"author":[{"embeddable":true,"href":"https:\/\/ayuntamientomiches.gob.do\/transparencia\/wp-json\/wp\/v2\/users\/3"}],"replies":[{"embeddable":true,"href":"https:\/\/ayuntamientomiches.gob.do\/transparencia\/wp-json\/wp\/v2\/comments?post=339"}],"version-history":[{"count":3,"href":"https:\/\/ayuntamientomiches.gob.do\/transparencia\/wp-json\/wp\/v2\/pages\/339\/revisions"}],"predecessor-version":[{"id":1438,"href":"https:\/\/ayuntamientomiches.gob.do\/transparencia\/wp-json\/wp\/v2\/pages\/339\/revisions\/1438"}],"wp:attachment":[{"href":"https:\/\/ayuntamientomiches.gob.do\/transparencia\/wp-json\/wp\/v2\/media?parent=339"}],"curies":[{"name":"wp","href":"https:\/\/api.w.org\/{rel}","templated":true}]}}