{"id":262,"date":"2018-01-22T10:20:41","date_gmt":"2018-01-22T14:20:41","guid":{"rendered":"http:\/\/alcaldiamiches.gob.do\/transparencia\/?page_id=262"},"modified":"2025-06-09T12:02:02","modified_gmt":"2025-06-09T16:02:02","slug":"formulario-de-solicitud-de-informacion","status":"publish","type":"page","link":"https:\/\/ayuntamientomiches.gob.do\/transparencia\/formulario-de-solicitud-de-informacion\/","title":{"rendered":"Formulario de solicitud de Informaci\u00f3n"},"content":{"rendered":"\n\n\n<h4 style=\"text-align: justify\">A trav\u00e9s de este sistema los ciudadanos pueden realizar sus solicitudes de acceso a la informaci\u00f3n p\u00fablica de forma f\u00e1cil, \u00e1gil y desde cualquier punto de la geograf\u00eda nacional o mundial, salvando con esto los costos de traslado y acercando por ende el Estado a la sociedad a trav\u00e9s del uso intensivo de las tecnolog\u00edas de la informaci\u00f3n y comunicaci\u00f3n, facilitando el control social, la transparencia, la participaci\u00f3n y colaboraci\u00f3n ciudadana.<\/h4>\n<h4>Puede llenar su solicitud en el siguiente&nbsp;enlace<\/h4>\n\n\n\n<div class=\"wp-container-1 wp-block-buttons\">\n<div class=\"wp-block-button has-custom-width wp-block-button__width-50\"><a class=\"wp-block-button__link has-text-color has-background\" href=\"https:\/\/www.saip.gob.do\/apps\/sip\/?step=one\" style=\"border-radius:50px;background-color:#000000;color:#ffffff\" target=\"_blank\" rel=\"noreferrer noopener\">CLICK PARA VER FORMULARIO<\/a><\/div>\n<\/div>\n\n\n\n<p>\u00a0<\/p>\n<p><strong>E-mail:<\/strong> ayuntamientomiches2024@gmail.com<br \/><strong>Direcci\u00f3n:\u00a0<\/strong>Calle Miguel Perez #1, Frente al Parque Municipal Miches, Prov. El Seibo, R.D<\/p>\n<p><strong>Telefono: <\/strong>809.553.5094<\/p>\n","protected":false},"excerpt":{"rendered":"A trav\u00e9s de este sistema los ciudadanos pueden realizar sus solicitudes de acceso a la informaci\u00f3n p\u00fablica de forma f\u00e1cil, \u00e1gil y desde cualquier punto de la geograf\u00eda nacional o mundial, salvando con esto los costos de traslado y acercando por ende el Estado a la sociedad a trav\u00e9s del uso intensivo de las tecnolog\u00edas&#8230;","protected":false},"author":3,"featured_media":0,"parent":0,"menu_order":0,"comment_status":"closed","ping_status":"closed","template":"","meta":[],"acf":[],"_links":{"self":[{"href":"https:\/\/ayuntamientomiches.gob.do\/transparencia\/wp-json\/wp\/v2\/pages\/262"}],"collection":[{"href":"https:\/\/ayuntamientomiches.gob.do\/transparencia\/wp-json\/wp\/v2\/pages"}],"about":[{"href":"https:\/\/ayuntamientomiches.gob.do\/transparencia\/wp-json\/wp\/v2\/types\/page"}],"author":[{"embeddable":true,"href":"https:\/\/ayuntamientomiches.gob.do\/transparencia\/wp-json\/wp\/v2\/users\/3"}],"replies":[{"embeddable":true,"href":"https:\/\/ayuntamientomiches.gob.do\/transparencia\/wp-json\/wp\/v2\/comments?post=262"}],"version-history":[{"count":15,"href":"https:\/\/ayuntamientomiches.gob.do\/transparencia\/wp-json\/wp\/v2\/pages\/262\/revisions"}],"predecessor-version":[{"id":1430,"href":"https:\/\/ayuntamientomiches.gob.do\/transparencia\/wp-json\/wp\/v2\/pages\/262\/revisions\/1430"}],"wp:attachment":[{"href":"https:\/\/ayuntamientomiches.gob.do\/transparencia\/wp-json\/wp\/v2\/media?parent=262"}],"curies":[{"name":"wp","href":"https:\/\/api.w.org\/{rel}","templated":true}]}}