{"id":258,"date":"2018-01-22T10:17:40","date_gmt":"2018-01-22T14:17:40","guid":{"rendered":"http:\/\/alcaldiamiches.gob.do\/transparencia\/?page_id=258"},"modified":"2024-07-25T10:28:48","modified_gmt":"2024-07-25T14:28:48","slug":"responsable-de-acceso-a-la-informacion","status":"publish","type":"page","link":"https:\/\/ayuntamientomiches.gob.do\/transparencia\/responsable-de-acceso-a-la-informacion\/","title":{"rendered":"Responsable de Acceso a la Informaci\u00f3n"},"content":{"rendered":"<p style=\"padding-left: 30px\">Sandra Mar\u00eda Hern\u00e1ndez Amparo<\/p>\n<p><strong>Responsable de Acceso a la Informaci\u00f3n\u00a0(RAI)<\/strong><br \/>Tel\u00e9fono: ( 809) 553- 5658 )<br \/>Correo electr\u00f3nico: ayuntamientomiches2024@gmail.com<\/p>\n<h5 class=\"title\">\u00a0<\/h5>\n\n","protected":false},"excerpt":{"rendered":"Sandra Mar\u00eda Hern\u00e1ndez Amparo Responsable de Acceso a la Informaci\u00f3n\u00a0(RAI)Tel\u00e9fono: ( 809) 553- 5658 )Correo electr\u00f3nico: ayuntamientomiches2024@gmail.com \u00a0","protected":false},"author":3,"featured_media":0,"parent":0,"menu_order":0,"comment_status":"closed","ping_status":"closed","template":"","meta":[],"acf":[],"_links":{"self":[{"href":"https:\/\/ayuntamientomiches.gob.do\/transparencia\/wp-json\/wp\/v2\/pages\/258"}],"collection":[{"href":"https:\/\/ayuntamientomiches.gob.do\/transparencia\/wp-json\/wp\/v2\/pages"}],"about":[{"href":"https:\/\/ayuntamientomiches.gob.do\/transparencia\/wp-json\/wp\/v2\/types\/page"}],"author":[{"embeddable":true,"href":"https:\/\/ayuntamientomiches.gob.do\/transparencia\/wp-json\/wp\/v2\/users\/3"}],"replies":[{"embeddable":true,"href":"https:\/\/ayuntamientomiches.gob.do\/transparencia\/wp-json\/wp\/v2\/comments?post=258"}],"version-history":[{"count":5,"href":"https:\/\/ayuntamientomiches.gob.do\/transparencia\/wp-json\/wp\/v2\/pages\/258\/revisions"}],"predecessor-version":[{"id":1134,"href":"https:\/\/ayuntamientomiches.gob.do\/transparencia\/wp-json\/wp\/v2\/pages\/258\/revisions\/1134"}],"wp:attachment":[{"href":"https:\/\/ayuntamientomiches.gob.do\/transparencia\/wp-json\/wp\/v2\/media?parent=258"}],"curies":[{"name":"wp","href":"https:\/\/api.w.org\/{rel}","templated":true}]}}